{"id":499,"date":"2026-04-16T21:04:22","date_gmt":"2026-04-16T19:04:22","guid":{"rendered":"http:\/\/sailingboost.fr\/?post_type=product&#038;p=499"},"modified":"2026-04-30T21:08:08","modified_gmt":"2026-04-30T19:08:08","slug":"hydrosport-646","status":"publish","type":"product","link":"http:\/\/sailingboost.fr\/index.php\/produit\/hydrosport-646\/","title":{"rendered":"Hydrosport 646 &#8211; TOKYO (10 personnes)"},"content":{"rendered":"<p>Partez \u00e0 l&#8217;aventure \u00e0 bord du semi-rigide Hydrosport 646, le TOKYO, pour des exp\u00e9riences inoubliables au d\u00e9part de la For\u00eat-Fouesnant ! Ce bateau flambant neuf, enti\u00e8rement \u00e9quip\u00e9 avec une cartographie compl\u00e8te, un sondeur Garmin et un syst\u00e8me audio Fusion, vous promet des sorties en mer r\u00e9ussies. Dot\u00e9 d&#8217;un moteur puissant de 150 cv, il est id\u00e9al pour des promenades jusqu&#8217;aux magnifiques \u00eeles des Gl\u00e9nan, et peut accueillir confortablement jusqu&#8217;\u00e0 10 personnes. Au d\u00e9part de Port-La-For\u00eat, vous pourrez d\u00e9couvrir une multitude d&#8217;itin\u00e9raires passionnants. Mettez le cap vers les \u00eeles paradisiaques des Gl\u00e9nan, aux eaux cristallines, pour des moments de d\u00e9tente et de baignade dans des cadres enchanteurs. Vous aurez \u00e9galement la possibilit\u00e9 de naviguer le long de la c\u00f4te pittoresque de Bretagne Sud, offrant des paysages \u00e0 couper le souffle et des criques isol\u00e9es \u00e0 explorer. \u00c0 bord du TOKYO, les activit\u00e9s ne manqueront pas ! Initiez-vous \u00e0 la p\u00eache gr\u00e2ce au sondeur Garmin, qui vous aidera \u00e0 rep\u00e9rer les meilleurs spots. Profitez \u00e9galement de vos sorties en musique avec le syst\u00e8me audio Fusion int\u00e9gr\u00e9, pour des moments de convivialit\u00e9 entre amis ou en famille. Que vous soyez passionn\u00e9 de navigation ou en qu\u00eate de d\u00e9tente, le semi-rigide Hydrosport 646 TOKYO vous promet des instants uniques et m\u00e9morables au large de la For\u00eat-Fouesnant.<\/p>\n<link rel='stylesheet' media=\"all\" href=\"http:\/\/sailingboost.fr\/wp-content\/plugins\/appointment-hour-booking\/templates\/12\/style.css\" type=\"text\/css\" \/><form class=\"cpp_form no-prefetch\" name=\"cp_appbooking_pform_1\" id=\"cp_appbooking_pform_1\" action=\"\" method=\"post\" enctype=\"multipart\/form-data\" onsubmit=\"return cp_appbooking_pform_doValidate_1(this);\"><input type=\"hidden\" name=\"cp_pform_psequence\" value=\"_1\" \/><input type=\"hidden\" name=\"cp_appbooking_pform_process\" value=\"1\" \/><input type=\"hidden\" name=\"cp_appbooking_id\" value=\"2\" \/><input type=\"hidden\" name=\"cp_ref_page\" value=\"\" \/><input type=\"hidden\" name=\"form_structure_1\" id=\"form_structure_1\" size=\"180\" value=\"[[{&quot;form_identifier&quot;:&quot;&quot;,&quot;name&quot;:&quot;fieldname1&quot;,&quot;shortlabel&quot;:&quot;&quot;,&quot;index&quot;:0,&quot;ftype&quot;:&quot;fapp&quot;,&quot;userhelp&quot;:&quot;Choisissez une date pour r\\u00e9server votre bateau. Pour toute demande sp\\u00e9cifique, contactez-nous.&quot;,&quot;userhelpTooltip&quot;:&quot;&quot;,&quot;csslayout&quot;:&quot;&quot;,&quot;title&quot;:&quot;Appointment&quot;,&quot;services&quot;:[{&quot;name&quot;:&quot;TOKYO (10 personnes)&quot;,&quot;price&quot;:400,&quot;capacity&quot;:&quot;1&quot;,&quot;duration&quot;:&quot;600&quot;,&quot;pb&quot;:0,&quot;pa&quot;:0,&quot;ohindex&quot;:0,&quot;idx&quot;:1}],&quot;openhours&quot;:[],&quot;allOH&quot;:[{&quot;name&quot;:&quot;Default&quot;,&quot;openhours&quot;:[{&quot;type&quot;:&quot;all&quot;,&quot;d&quot;:&quot;&quot;,&quot;h1&quot;:8,&quot;m1&quot;:0,&quot;h2&quot;:&quot;19&quot;,&quot;m2&quot;:&quot;0&quot;}]}],&quot;dateFormat&quot;:&quot;dd\\\/mm\\\/yy&quot;,&quot;showDropdown&quot;:false,&quot;showTotalCost&quot;:true,&quot;showTotalCostFormat&quot;:&quot;$ {0}&quot;,&quot;showEndTime&quot;:false,&quot;showQuantity&quot;:false,&quot;usedSlotsCheckbox&quot;:true,&quot;avoidOverlaping&quot;:true,&quot;emptySelectCheckbox&quot;:false,&quot;emptySelect&quot;:&quot;-- Please select service --&quot;,&quot;dropdownRange&quot;:&quot;-10:+10&quot;,&quot;working_dates&quot;:[true,true,true,true,true,true,true],&quot;numberOfMonths&quot;:&quot;1&quot;,&quot;maxNumberOfApp&quot;:&quot;1&quot;,&quot;firstDay&quot;:&quot;1&quot;,&quot;minDate&quot;:&quot;0&quot;,&quot;maxDate&quot;:&quot;180&quot;,&quot;defaultDate&quot;:&quot;&quot;,&quot;invalidDates&quot;:&quot;&quot;,&quot;tmpinvalidDates&quot;:&quot;&quot;,&quot;required&quot;:true,&quot;bSlotsCheckbox&quot;:false,&quot;bSlots&quot;:&quot;60&quot;,&quot;militaryTime&quot;:1,&quot;autonum&quot;:3,&quot;autonumStaff&quot;:0,&quot;quantityMin&quot;:1,&quot;fBuild&quot;:{},&quot;special_days&quot;:[],&quot;minDateTmp&quot;:&quot;0&quot;,&quot;getMinDate&quot;:{},&quot;tmpinvalidDatestime&quot;:[]},{&quot;form_identifier&quot;:&quot;&quot;,&quot;name&quot;:&quot;fieldname4&quot;,&quot;shortlabel&quot;:&quot;&quot;,&quot;index&quot;:1,&quot;ftype&quot;:&quot;ftext&quot;,&quot;userhelp&quot;:&quot;&quot;,&quot;userhelpTooltip&quot;:&quot;&quot;,&quot;csslayout&quot;:&quot;&quot;,&quot;title&quot;:&quot;Nom* (locataire)&quot;,&quot;predefined&quot;:&quot;&quot;,&quot;predefinedClick&quot;:false,&quot;required&quot;:false,&quot;size&quot;:&quot;medium&quot;,&quot;minlength&quot;:&quot;&quot;,&quot;maxlength&quot;:&quot;&quot;,&quot;equalTo&quot;:&quot;&quot;,&quot;fBuild&quot;:{}},{&quot;form_identifier&quot;:&quot;&quot;,&quot;name&quot;:&quot;fieldname3&quot;,&quot;shortlabel&quot;:&quot;&quot;,&quot;index&quot;:2,&quot;ftype&quot;:&quot;ftext&quot;,&quot;userhelp&quot;:&quot;&quot;,&quot;userhelpTooltip&quot;:&quot;&quot;,&quot;csslayout&quot;:&quot;&quot;,&quot;title&quot;:&quot;Pr\\u00e9nom* (locataire)&quot;,&quot;predefined&quot;:&quot;&quot;,&quot;predefinedClick&quot;:false,&quot;required&quot;:false,&quot;size&quot;:&quot;medium&quot;,&quot;minlength&quot;:&quot;&quot;,&quot;maxlength&quot;:&quot;&quot;,&quot;equalTo&quot;:&quot;&quot;,&quot;fBuild&quot;:{}},{&quot;form_identifier&quot;:&quot;&quot;,&quot;name&quot;:&quot;fieldname5&quot;,&quot;shortlabel&quot;:&quot;&quot;,&quot;index&quot;:3,&quot;ftype&quot;:&quot;femail&quot;,&quot;userhelp&quot;:&quot;&quot;,&quot;userhelpTooltip&quot;:&quot;&quot;,&quot;csslayout&quot;:&quot;&quot;,&quot;title&quot;:&quot;Email* (locataire)&quot;,&quot;predefined&quot;:&quot;&quot;,&quot;predefinedClick&quot;:false,&quot;required&quot;:false,&quot;size&quot;:&quot;medium&quot;,&quot;equalTo&quot;:&quot;&quot;,&quot;fBuild&quot;:{}},{&quot;form_identifier&quot;:&quot;&quot;,&quot;name&quot;:&quot;fieldname8&quot;,&quot;shortlabel&quot;:&quot;&quot;,&quot;index&quot;:4,&quot;ftype&quot;:&quot;ftext&quot;,&quot;userhelp&quot;:&quot;&quot;,&quot;userhelpTooltip&quot;:&quot;&quot;,&quot;csslayout&quot;:&quot;&quot;,&quot;title&quot;:&quot;T\\u00e9l\\u00e9phone*&quot;,&quot;predefined&quot;:&quot;&quot;,&quot;predefinedClick&quot;:false,&quot;required&quot;:false,&quot;size&quot;:&quot;medium&quot;,&quot;minlength&quot;:&quot;&quot;,&quot;maxlength&quot;:&quot;&quot;,&quot;equalTo&quot;:&quot;&quot;,&quot;fBuild&quot;:{}},{&quot;form_identifier&quot;:&quot;&quot;,&quot;name&quot;:&quot;fieldname6&quot;,&quot;shortlabel&quot;:&quot;&quot;,&quot;index&quot;:5,&quot;ftype&quot;:&quot;ftext&quot;,&quot;userhelp&quot;:&quot;&quot;,&quot;userhelpTooltip&quot;:&quot;&quot;,&quot;csslayout&quot;:&quot;&quot;,&quot;title&quot;:&quot;indiquez le nombre de personnes* (ex : 5 adultes, 2 enfants) - 10 PERSONNES MAXIMUM&quot;,&quot;predefined&quot;:&quot;&quot;,&quot;predefinedClick&quot;:false,&quot;required&quot;:false,&quot;size&quot;:&quot;large&quot;,&quot;minlength&quot;:&quot;&quot;,&quot;maxlength&quot;:&quot;100&quot;,&quot;equalTo&quot;:&quot;&quot;,&quot;fBuild&quot;:{}},{&quot;form_identifier&quot;:&quot;&quot;,&quot;name&quot;:&quot;fieldname7&quot;,&quot;shortlabel&quot;:&quot;&quot;,&quot;index&quot;:6,&quot;ftype&quot;:&quot;ftext&quot;,&quot;userhelp&quot;:&quot;&quot;,&quot;userhelpTooltip&quot;:&quot;&quot;,&quot;csslayout&quot;:&quot;&quot;,&quot;title&quot;:&quot;Indiquez heure de location* (possibilit\\u00e9 de 8:00 \\u00e0 19h)&quot;,&quot;predefined&quot;:&quot;&quot;,&quot;predefinedClick&quot;:false,&quot;required&quot;:false,&quot;size&quot;:&quot;large&quot;,&quot;minlength&quot;:&quot;&quot;,&quot;maxlength&quot;:&quot;&quot;,&quot;equalTo&quot;:&quot;&quot;,&quot;fBuild&quot;:{}},{&quot;form_identifier&quot;:&quot;&quot;,&quot;name&quot;:&quot;fieldname2&quot;,&quot;shortlabel&quot;:&quot;&quot;,&quot;index&quot;:7,&quot;ftype&quot;:&quot;facceptance&quot;,&quot;userhelp&quot;:&quot;&quot;,&quot;userhelpTooltip&quot;:&quot;&quot;,&quot;csslayout&quot;:&quot;&quot;,&quot;title&quot;:&quot;Accept terms and conditions&quot;,&quot;value&quot;:&quot;I accept&quot;,&quot;url&quot;:&quot;&quot;,&quot;message&quot;:&quot;&quot;,&quot;required&quot;:true,&quot;fBuild&quot;:{}}],[{&quot;title&quot;:&quot;&quot;,&quot;description&quot;:&quot;&quot;,&quot;formlayout&quot;:&quot;top_aligned&quot;,&quot;formtemplate&quot;:&quot;ahb_m6&quot;,&quot;evalequations&quot;:1,&quot;autocomplete&quot;:1,&quot;autofocus&quot;:false}]]\" \/><input type=\"hidden\" name=\"refpage_1\" id=\"refpage_1\" value=\"\"><input type=\"hidden\" name=\"cp_appbooking_pform_status\" value=\"0\" \/><input name=\"anonce\" type=\"hidden\" value=\"73c99ac322\"\/>\r\n<div id=\"fbuilder\">\r\n    <div id=\"fbuilder_1\">\r\n        <div id=\"formheader_1\"><\/div>\r\n        <div id=\"fieldlist_1\"><\/div>\r\n    <\/div>\r\n<\/div>\r\n<div style=\"display:none\">\r\n<div id=\"cpcaptchalayer_1\" class=\"cpcaptchalayer\">\r\n <div class=\"fields\" id=\"field-c0\" style=\"display:none\">\r\n    <label><\/label>\r\n    <div class=\"dfield\"><!--addons-payment-options--><\/div>\r\n    <div class=\"clearer\"><\/div>\r\n <\/div>\r\n  Code de s\u00e9curit\u00e9:<br \/>\r\n  <img decoding=\"async\" src=\"http:\/\/sailingboost.fr\/?cp_appbooking_captcha=captcha&amp;ps=_1&amp;inAdmin=1&amp;width=180&amp;height=60&amp;letter_count=5&amp;min_size=25&amp;max_size=35&amp;noise=200&amp;noiselength=4&amp;bcolor=ffffff&amp;border=ffffff&amp;font=font1\"  id=\"captchaimg_1\" alt=\"security code\" border=\"0\" class=\"skip-lazy\" \/>\r\n  <br \/>Veuillez saisir le code de s\u00e9curit\u00e9:<br \/>\r\n  <div class=\"dfield\"><input type=\"text\" size=\"20\" name=\"hdcaptcha_cp_appbooking_post\" id=\"hdcaptcha_cp_appbooking_post_1\" value=\"\" autocomplete=\"off\" \/>\r\n  <div class=\"cpefb_error message\" id=\"hdcaptcha_error_1\" generated=\"true\" style=\"display:none;position: absolute; left: 0px; top: 25px;\">Please enter a valid captcha code.<\/div>\r\n  <\/div><br \/>\r\n<!-- rcadon -->\r\n<\/div>\r\n<\/div>\r\n<div id=\"cp_subbtn_1\" class=\"cp_subbtn\">Envoyer<\/div>\r\n<div style=\"clear:both;\"><\/div>\r\n<\/form>\r\n\n","protected":false},"excerpt":{"rendered":"<p data-start=\"209\" data-end=\"310\">Partez \u00e0 l\u2019aventure \u00e0 bord du semi-rigide Hydrosport 646 <strong data-start=\"266\" data-end=\"275\">TOKYO<\/strong>, au d\u00e9part de Port-La-For\u00eat ! \ud83d\udea4<\/p>\n<p data-start=\"317\" data-end=\"516\">\u00c9quip\u00e9 d\u2019un moteur 150 cv, d\u2019une cartographie compl\u00e8te, d\u2019un sondeur Garmin et d\u2019un syst\u00e8me audio Fusion, ce bateau neuf est id\u00e9al pour explorer les magnifiques \u00eeles des Gl\u00e9nan et la c\u00f4te bretonne.<\/p>\n<p data-start=\"523\" data-end=\"644\">Accueillant jusqu\u2019\u00e0 10 personnes, il vous garantit des sorties en mer confortables, conviviales et riches en sensations.<\/p>\n<p data-start=\"651\" data-end=\"746\">\ud83d\udc49 Parfait pour une journ\u00e9e entre amis, en famille ou pour d\u00e9couvrir la Bretagne Sud autrement.<\/p>\n<p data-start=\"594\" data-end=\"722\">\n<p data-start=\"651\" data-end=\"746\"><span style=\"color: #ff0000;\"><strong>Afin de finaliser votre r\u00e9servation, ajoutez le bateau au panier puis remplissez le formulaire de r\u00e9servation ci-dessous avant de payer. Celui-ci nous permettra de confirmer votre demande rapidement.<\/strong><\/span><\/p>\n<p data-start=\"651\" data-end=\"746\">\n","protected":false},"featured_media":425,"comment_status":"open","ping_status":"closed","template":"","meta":[],"product_brand":[],"product_cat":[39],"product_tag":[],"class_list":{"0":"post-499","1":"product","2":"type-product","3":"status-publish","4":"has-post-thumbnail","6":"product_cat-non-classe","8":"first","9":"instock","10":"shipping-taxable","11":"purchasable","12":"product-type-simple"},"aioseo_notices":[],"jetpack_sharing_enabled":true,"_links":{"self":[{"href":"http:\/\/sailingboost.fr\/index.php\/wp-json\/wp\/v2\/product\/499","targetHints":{"allow":["GET"]}}],"collection":[{"href":"http:\/\/sailingboost.fr\/index.php\/wp-json\/wp\/v2\/product"}],"about":[{"href":"http:\/\/sailingboost.fr\/index.php\/wp-json\/wp\/v2\/types\/product"}],"replies":[{"embeddable":true,"href":"http:\/\/sailingboost.fr\/index.php\/wp-json\/wp\/v2\/comments?post=499"}],"wp:featuredmedia":[{"embeddable":true,"href":"http:\/\/sailingboost.fr\/index.php\/wp-json\/wp\/v2\/media\/425"}],"wp:attachment":[{"href":"http:\/\/sailingboost.fr\/index.php\/wp-json\/wp\/v2\/media?parent=499"}],"wp:term":[{"taxonomy":"product_brand","embeddable":true,"href":"http:\/\/sailingboost.fr\/index.php\/wp-json\/wp\/v2\/product_brand?post=499"},{"taxonomy":"product_cat","embeddable":true,"href":"http:\/\/sailingboost.fr\/index.php\/wp-json\/wp\/v2\/product_cat?post=499"},{"taxonomy":"product_tag","embeddable":true,"href":"http:\/\/sailingboost.fr\/index.php\/wp-json\/wp\/v2\/product_tag?post=499"}],"curies":[{"name":"wp","href":"https:\/\/api.w.org\/{rel}","templated":true}]}}